{"id":19753,"date":"2020-08-13T16:01:02","date_gmt":"2020-08-13T16:01:02","guid":{"rendered":"http:\/\/www.soyonsblack.fr\/liste-de-boutiques-et-points-de-vente\/"},"modified":"2020-08-14T06:27:04","modified_gmt":"2020-08-14T06:27:04","slug":"list-of-stores-and-points-of-sale","status":"publish","type":"page","link":"https:\/\/www.soyonsblack.fr\/en\/list-of-stores-and-points-of-sale\/?lang=en","title":{"rendered":"List of stores and points of sale"},"content":{"rendered":"<div>\n<div>\n<div>\n<div>\n<div class=\"block-editor-block-list__layout\">\n<div id=\"block-66c864cc-90eb-4a05-8e18-fcc4798e728d\" class=\"wp-block block-editor-block-list__block has-selected-ui\" tabindex=\"0\" role=\"group\" data-block=\"66c864cc-90eb-4a05-8e18-fcc4798e728d\" data-type=\"core\/heading\" aria-label=\"Block: Heading\">\n<h3 class=\"rich-text block-editor-rich-text__editable has-text-align-center\" role=\"textbox\" aria-multiline=\"true\" aria-label=\"Write heading\u2026\"><span style=\"color: #000000;\"><strong>Other Websites<\/strong><\/span><\/h3>\n<\/div>\n<div id=\"block-5a025dc0-dae7-44c7-9936-72715e96ac7f\" class=\"wp-block block-editor-block-list__block has-selected-ui\" tabindex=\"0\" role=\"group\" data-block=\"5a025dc0-dae7-44c7-9936-72715e96ac7f\" data-type=\"core\/group\" aria-label=\"Block: Group\">\n<div class=\"wp-block-group has-text-color\">\n<div class=\"wp-block-group__inner-container\">\n<div class=\"block-editor-inner-blocks\">\n<div class=\"block-editor-block-list__layout\">\n<div id=\"block-d7555c7e-c928-4e09-b57f-a176f07d16af\" class=\"wp-block block-editor-block-list__block has-selected-ui\" tabindex=\"0\" role=\"group\" data-block=\"d7555c7e-c928-4e09-b57f-a176f07d16af\" data-type=\"core\/paragraph\" aria-label=\"Block: Paragraph\">\n<p class=\"rich-text block-editor-rich-text__editable wp-block-paragraph\" role=\"textbox\" aria-multiline=\"true\" aria-label=\"Paragraph block\"><span style=\"color: #000000;\"><strong>Amazon<\/strong>:<\/span><\/p>\n<\/div>\n<div id=\"block-931a4371-5084-4904-927c-3b15cafa14ef\" class=\"wp-block block-editor-block-list__block has-selected-ui\" tabindex=\"0\" role=\"group\" data-block=\"931a4371-5084-4904-927c-3b15cafa14ef\" data-type=\"core\/paragraph\" aria-label=\"Block: Paragraph\">\n<p class=\"rich-text block-editor-rich-text__editable wp-block-paragraph\" role=\"textbox\" aria-multiline=\"true\" aria-label=\"Paragraph block\"><span style=\"color: #000000;\">Shops <a style=\"color: #000000;\" href=\"https:\/\/www.amazon.fr\/s?rh=n%3A340855031%2Cp_4%3AsoyonsBLACK&amp;ref=w_bl_sl_s_ap_web_340855031\">Amazon ici<\/a><\/span><\/p>\n<\/div>\n<\/div>\n<\/div>\n<\/div>\n<\/div>\n<\/div>\n<div id=\"block-4d17e36f-0e99-4da6-a341-6e544ceae6a3\" class=\"wp-block block-editor-block-list__block has-selected-ui\" tabindex=\"0\" role=\"group\" data-block=\"4d17e36f-0e99-4da6-a341-6e544ceae6a3\" data-type=\"core\/separator\" aria-label=\"Block: Separator\">\n<hr class=\"wp-block-separator\">\n<\/div>\n<div id=\"block-81e4d5aa-a959-4ce7-9f9e-7fcdde94606d\" class=\"wp-block block-editor-block-list__block has-selected-ui\" tabindex=\"0\" role=\"group\" data-block=\"81e4d5aa-a959-4ce7-9f9e-7fcdde94606d\" data-type=\"core\/heading\" aria-label=\"Block: Heading\">\n<h3 class=\"rich-text block-editor-rich-text__editable has-text-align-center\" role=\"textbox\" aria-multiline=\"true\" aria-label=\"Write heading\u2026\"><span style=\"color: #000000;\"><strong>Sales shops:<\/strong><\/span><\/h3>\n<\/div>\n<div id=\"block-c1b68532-1584-4b70-af10-a1144f9fb352\" class=\"wp-block block-editor-block-list__block has-selected-ui\" tabindex=\"0\" role=\"group\" data-block=\"c1b68532-1584-4b70-af10-a1144f9fb352\" data-type=\"core\/group\" aria-label=\"Block: Group\">\n<div class=\"wp-block-group\">\n<div class=\"wp-block-group__inner-container\">\n<div class=\"block-editor-inner-blocks\">\n<div class=\"block-editor-block-list__layout\">\n<div id=\"block-de2e0d20-3b7b-4841-b963-757a958c371f\" class=\"wp-block block-editor-block-list__block has-selected-ui\" tabindex=\"0\" role=\"group\" data-block=\"de2e0d20-3b7b-4841-b963-757a958c371f\" data-type=\"core\/group\" aria-label=\"Block: Group\">\n<div class=\"wp-block-group\">\n<div class=\"wp-block-group__inner-container\">\n<div class=\"block-editor-inner-blocks\">\n<div class=\"block-editor-block-list__layout\">\n<div id=\"block-ed80284a-ffa3-4744-88ba-393fdd020c69\" class=\"wp-block block-editor-block-list__block has-selected-ui\" tabindex=\"0\" role=\"group\" data-block=\"ed80284a-ffa3-4744-88ba-393fdd020c69\" data-type=\"core\/group\" aria-label=\"Block: Group\">\n<div class=\"wp-block-group has-text-color\">\n<div class=\"wp-block-group__inner-container\">\n<div class=\"block-editor-inner-blocks\">\n<div class=\"block-editor-block-list__layout\">\n<div id=\"block-dc504e42-ddae-451c-92b4-4352102913d8\" class=\"wp-block block-editor-block-list__block has-selected-ui\" tabindex=\"0\" role=\"group\" data-block=\"dc504e42-ddae-451c-92b4-4352102913d8\" data-type=\"core\/group\" aria-label=\"Block: Group\">\n<div class=\"wp-block-group\">\n<div class=\"wp-block-group__inner-container\">\n<div class=\"block-editor-inner-blocks\">\n<div class=\"block-editor-block-list__layout\">\n<div id=\"block-e6598c0e-ead1-4106-b884-fbdf6492a02b\" class=\"wp-block block-editor-block-list__block has-selected-ui\" tabindex=\"0\" role=\"group\" data-block=\"e6598c0e-ead1-4106-b884-fbdf6492a02b\" data-type=\"core\/paragraph\" aria-label=\"Block: Paragraph\">\n<p class=\"rich-text block-editor-rich-text__editable wp-block-paragraph has-text-color\" role=\"textbox\" aria-multiline=\"true\" aria-label=\"Paragraph block\"><span style=\"color: #000000;\"><strong>COLORFUL BLACK <\/strong><\/span><\/p>\n<\/div>\n<\/div>\n<\/div>\n<\/div>\n<\/div>\n<\/div>\n<div id=\"block-b404eaa4-18a7-4ac7-822f-0e729d7cca4a\" class=\"wp-block block-editor-block-list__block has-selected-ui\" tabindex=\"0\" role=\"group\" data-block=\"b404eaa4-18a7-4ac7-822f-0e729d7cca4a\" data-type=\"core\/paragraph\" aria-label=\"Block: Paragraph\">\n<p class=\"rich-text block-editor-rich-text__editable wp-block-paragraph\" role=\"textbox\" aria-multiline=\"true\" aria-label=\"Paragraph block\"><span style=\"color: #000000;\">7 rue Poissonni\u00e8re<\/span><\/p>\n<\/div>\n<div id=\"block-e25393c7-0faa-4576-aa3e-059c3fdf99f4\" class=\"wp-block block-editor-block-list__block has-selected-ui\" tabindex=\"0\" role=\"group\" data-block=\"e25393c7-0faa-4576-aa3e-059c3fdf99f4\" data-type=\"core\/paragraph\" aria-label=\"Block: Paragraph\">\n<p class=\"rich-text block-editor-rich-text__editable wp-block-paragraph\" role=\"textbox\" aria-multiline=\"true\" aria-label=\"Paragraph block\"><span style=\"color: #000000;\">75002 PARIS<\/span><\/p>\n<\/div>\n<div id=\"block-249aacc9-0b83-4ee2-9887-2d5ad742aa66\" class=\"wp-block block-editor-block-list__block has-selected-ui\" tabindex=\"0\" role=\"group\" data-block=\"249aacc9-0b83-4ee2-9887-2d5ad742aa66\" data-type=\"core\/paragraph\" aria-label=\"Block: Paragraph\">\n<p class=\"rich-text block-editor-rich-text__editable wp-block-paragraph\" role=\"textbox\" aria-multiline=\"true\" aria-label=\"Paragraph block\"><span style=\"color: #000000;\">T\u00e9l. : 01 42 36 54 14<\/span><\/p>\n<\/div>\n<\/div>\n<\/div>\n<\/div>\n<\/div>\n<\/div>\n<\/div>\n<\/div>\n<\/div>\n<\/div>\n<\/div>\n<\/div>\n<\/div>\n<\/div>\n<\/div>\n<\/div>\n<div id=\"block-8fadff59-78fc-4882-84ea-45032fcbf5f3\" class=\"wp-block block-editor-block-list__block has-selected-ui\" tabindex=\"0\" role=\"group\" data-block=\"8fadff59-78fc-4882-84ea-45032fcbf5f3\" data-type=\"core\/separator\" aria-label=\"Block: Separator\">\n<hr class=\"wp-block-separator\">\n<\/div>\n<div id=\"block-2648f45c-05a0-4876-8eaf-32b9d4206294\" class=\"wp-block block-editor-block-list__block has-selected-ui\" tabindex=\"0\" role=\"group\" data-block=\"2648f45c-05a0-4876-8eaf-32b9d4206294\" data-type=\"core\/group\" aria-label=\"Block: Group\">\n<div class=\"wp-block-group\">\n<div class=\"wp-block-group__inner-container\">\n<div class=\"block-editor-inner-blocks\">\n<div class=\"block-editor-block-list__layout\">\n<div id=\"block-a1014e6b-49b8-4bc2-9ebe-bb74c5cb9bfe\" class=\"wp-block block-editor-block-list__block has-selected-ui\" tabindex=\"0\" role=\"group\" data-block=\"a1014e6b-49b8-4bc2-9ebe-bb74c5cb9bfe\" data-type=\"core\/group\" aria-label=\"Block: Group\">\n<div class=\"wp-block-group has-text-color\">\n<div class=\"wp-block-group__inner-container\">\n<div class=\"block-editor-inner-blocks\">\n<div class=\"block-editor-block-list__layout\">\n<div id=\"block-741ed962-e167-4ed8-9e6e-31cb945d0619\" class=\"wp-block block-editor-block-list__block has-selected-ui\" tabindex=\"0\" role=\"group\" data-block=\"741ed962-e167-4ed8-9e6e-31cb945d0619\" data-type=\"core\/paragraph\" aria-label=\"Block: Paragraph\">\n<p class=\"rich-text block-editor-rich-text__editable wp-block-paragraph has-text-color\" role=\"textbox\" aria-multiline=\"true\" aria-label=\"Paragraph block\"><span style=\"color: #000000;\"><strong>MANSAYA<\/strong><\/span><\/p>\n<\/div>\n<div id=\"block-022bb215-dba0-4fae-a351-384512d56d25\" class=\"wp-block block-editor-block-list__block has-selected-ui\" tabindex=\"0\" role=\"group\" data-block=\"022bb215-dba0-4fae-a351-384512d56d25\" data-type=\"core\/paragraph\" aria-label=\"Block: Paragraph\">\n<p class=\"rich-text block-editor-rich-text__editable wp-block-paragraph\" role=\"textbox\" aria-multiline=\"true\" aria-label=\"Paragraph block\"><span style=\"color: #000000;\">49 rue L\u00e9on Frot<\/span><\/p>\n<\/div>\n<div id=\"block-5573fb40-82e0-48e8-b07a-49a64f1955cb\" class=\"wp-block block-editor-block-list__block has-selected-ui\" tabindex=\"0\" role=\"group\" data-block=\"5573fb40-82e0-48e8-b07a-49a64f1955cb\" data-type=\"core\/paragraph\" aria-label=\"Block: Paragraph\">\n<p class=\"rich-text block-editor-rich-text__editable wp-block-paragraph\" role=\"textbox\" aria-multiline=\"true\" aria-label=\"Paragraph block\"><span style=\"color: #000000;\">75011 PARIS<\/span><\/p>\n<\/div>\n<div id=\"block-0693905a-1a5c-479b-8402-46b08cc6f40f\" class=\"wp-block block-editor-block-list__block has-selected-ui\" tabindex=\"0\" role=\"group\" data-block=\"0693905a-1a5c-479b-8402-46b08cc6f40f\" data-type=\"core\/paragraph\" aria-label=\"Block: Paragraph\">\n<p class=\"rich-text block-editor-rich-text__editable wp-block-paragraph\" role=\"textbox\" aria-multiline=\"true\" aria-label=\"Paragraph block\"><span style=\"color: #000000;\">T\u00e9l. 07 81 32 93 21<\/span><\/p>\n<\/div>\n<\/div>\n<\/div>\n<\/div>\n<\/div>\n<\/div>\n<\/div>\n<\/div>\n<\/div>\n<\/div>\n<\/div>\n<div id=\"block-1cd40bea-6dbb-424f-9443-81d22d6e9f35\" class=\"wp-block block-editor-block-list__block has-selected-ui\" tabindex=\"0\" role=\"group\" data-block=\"1cd40bea-6dbb-424f-9443-81d22d6e9f35\" data-type=\"core\/separator\" aria-label=\"Block: Separator\">\n<hr class=\"wp-block-separator\">\n<\/div>\n<div id=\"block-362cb1e6-fa49-49ee-a6ed-b033307e9c92\" class=\"wp-block block-editor-block-list__block has-selected-ui\" tabindex=\"0\" role=\"group\" data-block=\"362cb1e6-fa49-49ee-a6ed-b033307e9c92\" data-type=\"core\/group\" aria-label=\"Block: Group\">\n<div class=\"wp-block-group has-text-color\">\n<div class=\"wp-block-group__inner-container\">\n<div class=\"block-editor-inner-blocks\">\n<div class=\"block-editor-block-list__layout\">\n<div id=\"block-3442b16c-7deb-47e2-9a8f-9ed6c2492ef3\" class=\"wp-block block-editor-block-list__block has-selected-ui\" tabindex=\"0\" role=\"group\" data-block=\"3442b16c-7deb-47e2-9a8f-9ed6c2492ef3\" data-type=\"core\/paragraph\" aria-label=\"Block: Paragraph\">\n<p class=\"rich-text block-editor-rich-text__editable wp-block-paragraph has-text-color\" role=\"textbox\" aria-multiline=\"true\" aria-label=\"Paragraph block\"><span style=\"color: #000000;\"><strong>KIM &amp; YO<\/strong><\/span><\/p>\n<\/div>\n<div id=\"block-25a4cb4d-34ce-4a96-91d6-22e8aef8b784\" class=\"wp-block block-editor-block-list__block has-selected-ui\" tabindex=\"0\" role=\"group\" data-block=\"25a4cb4d-34ce-4a96-91d6-22e8aef8b784\" data-type=\"core\/paragraph\" aria-label=\"Block: Paragraph\">\n<p class=\"rich-text block-editor-rich-text__editable wp-block-paragraph\" role=\"textbox\" aria-multiline=\"true\" aria-label=\"Paragraph block\"><span style=\"color: #000000;\">42 rue du Faubourg saint martin<\/span><\/p>\n<\/div>\n<div id=\"block-f2b7e3cf-443f-4819-9540-38301563e302\" class=\"wp-block block-editor-block-list__block has-selected-ui\" tabindex=\"0\" role=\"group\" data-block=\"f2b7e3cf-443f-4819-9540-38301563e302\" data-type=\"core\/paragraph\" aria-label=\"Block: Paragraph\">\n<p class=\"rich-text block-editor-rich-text__editable wp-block-paragraph\" role=\"textbox\" aria-multiline=\"true\" aria-label=\"Paragraph block\"><span style=\"color: #000000;\">75010 PARIS<\/span><\/p>\n<\/div>\n<div id=\"block-961e624f-b685-4c2b-a3bc-9aaf75d5ae88\" class=\"wp-block block-editor-block-list__block has-selected-ui\" tabindex=\"0\" role=\"group\" data-block=\"961e624f-b685-4c2b-a3bc-9aaf75d5ae88\" data-type=\"core\/paragraph\" aria-label=\"Block: Paragraph\">\n<p class=\"rich-text block-editor-rich-text__editable wp-block-paragraph\" role=\"textbox\" aria-multiline=\"true\" aria-label=\"Paragraph block\"><span style=\"color: #000000;\">T\u00e9l. 06 72 65 65 91<\/span><\/p>\n<\/div>\n<\/div>\n<\/div>\n<\/div>\n<\/div>\n<\/div>\n<div id=\"block-0857a973-1694-493e-954d-f1f0de4ab3a2\" class=\"wp-block block-editor-block-list__block has-selected-ui\" tabindex=\"0\" role=\"group\" data-block=\"0857a973-1694-493e-954d-f1f0de4ab3a2\" data-type=\"core\/separator\" aria-label=\"Block: Separator\">\n<hr class=\"wp-block-separator\">\n<\/div>\n<div id=\"block-7bf89b69-fd13-4b97-96d9-36d9dc21912e\" class=\"wp-block block-editor-block-list__block has-selected-ui\" tabindex=\"0\" role=\"group\" data-block=\"7bf89b69-fd13-4b97-96d9-36d9dc21912e\" data-type=\"core\/group\" aria-label=\"Block: Group\">\n<div class=\"wp-block-group has-text-color\">\n<div class=\"wp-block-group__inner-container\">\n<div class=\"block-editor-inner-blocks\">\n<div class=\"block-editor-block-list__layout\">\n<div id=\"block-5ba04cdd-1f1c-44e7-b5c3-f10db0f37b8f\" class=\"wp-block block-editor-block-list__block has-selected-ui\" tabindex=\"0\" role=\"group\" data-block=\"5ba04cdd-1f1c-44e7-b5c3-f10db0f37b8f\" data-type=\"core\/paragraph\" aria-label=\"Block: Paragraph\">\n<p class=\"rich-text block-editor-rich-text__editable wp-block-paragraph has-text-color\" role=\"textbox\" aria-multiline=\"true\" aria-label=\"Paragraph block\"><span style=\"color: #000000;\"><strong>N &amp; K<\/strong><\/span><\/p>\n<\/div>\n<div id=\"block-e20089aa-2de6-4e86-a13c-5a768f8d5c91\" class=\"wp-block block-editor-block-list__block has-selected-ui\" tabindex=\"0\" role=\"group\" data-block=\"e20089aa-2de6-4e86-a13c-5a768f8d5c91\" data-type=\"core\/paragraph\" aria-label=\"Block: Paragraph\">\n<p class=\"rich-text block-editor-rich-text__editable wp-block-paragraph\" role=\"textbox\" aria-multiline=\"true\" aria-label=\"Paragraph block\"><span style=\"color: #000000;\">147 bis Avenue de St Ouen&nbsp;<\/span><\/p>\n<\/div>\n<div id=\"block-ee6d0f91-656a-4d2d-9fda-7208d0e5999e\" class=\"wp-block block-editor-block-list__block has-selected-ui\" tabindex=\"0\" role=\"group\" data-block=\"ee6d0f91-656a-4d2d-9fda-7208d0e5999e\" data-type=\"core\/paragraph\" aria-label=\"Block: Paragraph\">\n<p class=\"rich-text block-editor-rich-text__editable wp-block-paragraph\" role=\"textbox\" aria-multiline=\"true\" aria-label=\"Paragraph block\"><span style=\"color: #000000;\">75017 PARIS&nbsp;<\/span><\/p>\n<\/div>\n<\/div>\n<\/div>\n<\/div>\n<\/div>\n<\/div>\n<div id=\"block-2165b69b-20b1-45ef-b628-d022aacd8ba1\" class=\"wp-block block-editor-block-list__block has-selected-ui\" tabindex=\"0\" role=\"group\" data-block=\"2165b69b-20b1-45ef-b628-d022aacd8ba1\" data-type=\"core\/separator\" aria-label=\"Block: Separator\">\n<hr class=\"wp-block-separator\">\n<\/div>\n<div id=\"block-014f7996-1257-4193-b4c6-f081fb7af6ad\" class=\"wp-block block-editor-block-list__block has-selected-ui\" tabindex=\"0\" role=\"group\" data-block=\"014f7996-1257-4193-b4c6-f081fb7af6ad\" data-type=\"core\/group\" aria-label=\"Block: Group\">\n<div class=\"wp-block-group has-text-color\">\n<div class=\"wp-block-group__inner-container\">\n<div class=\"block-editor-inner-blocks\">\n<div class=\"block-editor-block-list__layout\">\n<div id=\"block-ccdbefea-7426-455a-8568-8f018183ef73\" class=\"wp-block block-editor-block-list__block has-selected-ui\" tabindex=\"0\" role=\"group\" data-block=\"ccdbefea-7426-455a-8568-8f018183ef73\" data-type=\"core\/group\" aria-label=\"Block: Group\">\n<div class=\"wp-block-group has-text-color\">\n<div class=\"wp-block-group__inner-container\">\n<div class=\"block-editor-inner-blocks\">\n<div class=\"block-editor-block-list__layout\">\n<div id=\"block-ff03024f-156e-4a2f-8e45-e8f265957c4d\" class=\"wp-block block-editor-block-list__block has-selected-ui\" tabindex=\"0\" role=\"group\" data-block=\"ff03024f-156e-4a2f-8e45-e8f265957c4d\" data-type=\"core\/paragraph\" aria-label=\"Block: Paragraph\">\n<p class=\"rich-text block-editor-rich-text__editable wp-block-paragraph has-text-color\" role=\"textbox\" aria-multiline=\"true\" aria-label=\"Paragraph block\"><span style=\"color: #000000;\"><strong>MIX BEAUTY<\/strong><\/span><\/p>\n<\/div>\n<div id=\"block-444071d3-bfd1-4311-b8c1-168a828624a2\" class=\"wp-block block-editor-block-list__block has-selected-ui\" tabindex=\"0\" role=\"group\" data-block=\"444071d3-bfd1-4311-b8c1-168a828624a2\" data-type=\"core\/paragraph\" aria-label=\"Block: Paragraph\">\n<p class=\"rich-text block-editor-rich-text__editable wp-block-paragraph\" role=\"textbox\" aria-multiline=\"true\" aria-label=\"Paragraph block\"><span style=\"color: #000000;\">9 Rue des Lavandi\u00e8res Sainte-Opportune&nbsp;<\/span><\/p>\n<\/div>\n<div id=\"block-6e4ebb00-7903-4b6d-ab08-08d9191dbd7a\" class=\"wp-block block-editor-block-list__block has-selected-ui\" tabindex=\"0\" role=\"group\" data-block=\"6e4ebb00-7903-4b6d-ab08-08d9191dbd7a\" data-type=\"core\/paragraph\" aria-label=\"Block: Paragraph\">\n<p class=\"rich-text block-editor-rich-text__editable wp-block-paragraph\" role=\"textbox\" aria-multiline=\"true\" aria-label=\"Paragraph block\"><span style=\"color: #000000;\">75001 PARIS<\/span><\/p>\n<\/div>\n<\/div>\n<\/div>\n<\/div>\n<\/div>\n<\/div>\n<\/div>\n<\/div>\n<\/div>\n<\/div>\n<\/div>\n<div id=\"block-fc604f1a-ac6a-49c6-9ed0-fdf5230f351e\" class=\"wp-block block-editor-block-list__block has-selected-ui\" tabindex=\"0\" role=\"group\" data-block=\"fc604f1a-ac6a-49c6-9ed0-fdf5230f351e\" data-type=\"core\/separator\" aria-label=\"Block: Separator\">\n<hr class=\"wp-block-separator\">\n<\/div>\n<div id=\"block-bdb790c7-3517-486c-bbe3-a0be307c751b\" class=\"wp-block block-editor-block-list__block has-selected-ui\" tabindex=\"0\" role=\"group\" data-block=\"bdb790c7-3517-486c-bbe3-a0be307c751b\" data-type=\"core\/group\" aria-label=\"Block: Group\">\n<div class=\"wp-block-group has-text-color\">\n<div class=\"wp-block-group__inner-container\">\n<div class=\"block-editor-inner-blocks\">\n<div class=\"block-editor-block-list__layout\">\n<div id=\"block-38baf0a0-95d7-40e6-b820-85ea8f8df063\" class=\"wp-block block-editor-block-list__block has-selected-ui\" tabindex=\"0\" role=\"group\" data-block=\"38baf0a0-95d7-40e6-b820-85ea8f8df063\" data-type=\"core\/paragraph\" aria-label=\"Block: Paragraph\">\n<p class=\"rich-text block-editor-rich-text__editable wp-block-paragraph has-text-color\" role=\"textbox\" aria-multiline=\"true\" aria-label=\"Paragraph block\"><span style=\"color: #000000;\"><strong>ELISA &amp; MARIE<\/strong><\/span><\/p>\n<\/div>\n<div id=\"block-e6ed7425-3671-4546-a32c-e3dcfae35b33\" class=\"wp-block block-editor-block-list__block has-selected-ui\" tabindex=\"0\" role=\"group\" data-block=\"e6ed7425-3671-4546-a32c-e3dcfae35b33\" data-type=\"core\/paragraph\" aria-label=\"Block: Paragraph\">\n<p class=\"rich-text block-editor-rich-text__editable wp-block-paragraph\" role=\"textbox\" aria-multiline=\"true\" aria-label=\"Paragraph block\"><span style=\"color: #000000;\">5 rue Turbigo 75001 Paris&nbsp;<\/span><\/p>\n<\/div>\n<div id=\"block-ecde6a93-954d-48d4-a72e-1768ec253aa7\" class=\"wp-block block-editor-block-list__block has-selected-ui\" tabindex=\"0\" role=\"group\" data-block=\"ecde6a93-954d-48d4-a72e-1768ec253aa7\" data-type=\"core\/paragraph\" aria-label=\"Block: Paragraph\">\n<p class=\"rich-text block-editor-rich-text__editable wp-block-paragraph\" role=\"textbox\" aria-multiline=\"true\" aria-label=\"Paragraph block\"><span style=\"color: #000000;\">T\u00e9l. : 01 44 82 52 66<\/span><\/p>\n<\/div>\n<\/div>\n<\/div>\n<\/div>\n<\/div>\n<\/div>\n<div id=\"block-5231cbe3-4fa4-4d44-a29d-3db89c85a137\" class=\"wp-block block-editor-block-list__block has-selected-ui\" tabindex=\"0\" role=\"group\" data-block=\"5231cbe3-4fa4-4d44-a29d-3db89c85a137\" data-type=\"core\/separator\" aria-label=\"Block: Separator\">\n<hr class=\"wp-block-separator\">\n<\/div>\n<div id=\"block-49486e61-82ba-4d92-bf31-23bb31bcf5c7\" class=\"wp-block block-editor-block-list__block has-selected-ui\" tabindex=\"0\" role=\"group\" data-block=\"49486e61-82ba-4d92-bf31-23bb31bcf5c7\" data-type=\"core\/group\" aria-label=\"Block: Group\">\n<div class=\"wp-block-group has-text-color\">\n<div class=\"wp-block-group__inner-container\">\n<div class=\"block-editor-inner-blocks\">\n<div class=\"block-editor-block-list__layout\">\n<div id=\"block-32cdf979-be0a-45e8-9a73-2ffe1b02ce37\" class=\"wp-block block-editor-block-list__block has-selected-ui\" tabindex=\"0\" role=\"group\" data-block=\"32cdf979-be0a-45e8-9a73-2ffe1b02ce37\" data-type=\"core\/paragraph\" aria-label=\"Block: Paragraph\">\n<p class=\"rich-text block-editor-rich-text__editable wp-block-paragraph has-text-color\" role=\"textbox\" aria-multiline=\"true\" aria-label=\"Paragraph block\"><span style=\"color: #000000;\"><strong>JOE\u2019S &amp; CO<\/strong><\/span><\/p>\n<\/div>\n<div id=\"block-73353d10-6559-4a76-94b8-8e63210c43b3\" class=\"wp-block block-editor-block-list__block has-selected-ui\" tabindex=\"0\" role=\"group\" data-block=\"73353d10-6559-4a76-94b8-8e63210c43b3\" data-type=\"core\/paragraph\" aria-label=\"Block: Paragraph\">\n<p class=\"rich-text block-editor-rich-text__editable wp-block-paragraph\" role=\"textbox\" aria-multiline=\"true\" aria-label=\"Paragraph block\"><span style=\"color: #000000;\">133 rue charonne 75011 Paris<\/span><\/p>\n<\/div>\n<div id=\"block-25dc4252-2934-467a-ab91-9bc74224696a\" class=\"wp-block block-editor-block-list__block has-selected-ui\" tabindex=\"0\" role=\"group\" data-block=\"25dc4252-2934-467a-ab91-9bc74224696a\" data-type=\"core\/paragraph\" aria-label=\"Block: Paragraph\">\n<p class=\"rich-text block-editor-rich-text__editable wp-block-paragraph\" role=\"textbox\" aria-multiline=\"true\" aria-label=\"Paragraph block\"><span style=\"color: #000000;\">T\u00e9l. : 01 84 05 18 62<\/span><\/p>\n<\/div>\n<\/div>\n<\/div>\n<\/div>\n<\/div>\n<\/div>\n<div class=\"block-list-appender\" tabindex=\"-1\">\n<div class=\"wp-block block-editor-default-block-appender\" data-root-client-id=\"\">\n<p>&nbsp;<\/p>\n<div class=\"components-dropdown block-editor-inserter\"><\/div>\n<\/div>\n<\/div>\n<\/div>\n<\/div>\n<\/div>\n<\/div>\n<\/div>\n<div tabindex=\"0\"><\/div>\n\n\n<p><\/p>","protected":false},"excerpt":{"rendered":"<p>Sites de vente internet : AMAZON: Lien de la boutique Amazon ici Boutiques de vente : COLORFUL BLACK 7 rue Poissonni\u00e8re 75002 PARIS T\u00e9l. : 01 42 36 54 14 MANSAYA 49 rue L\u00e9on Frot 75011 PARIS T\u00e9l. 07 81 32 93 21 KIM &amp; YO 42 rue du Faubourg saint martin 75010 PARIS T\u00e9l. [&hellip;]<\/p>","protected":false},"author":1,"featured_media":0,"parent":0,"menu_order":0,"comment_status":"open","ping_status":"open","template":"","meta":{"_vp_format_video_url":"","_vp_image_focal_point":[],"footnotes":""},"class_list":["post-19753","page","type-page","status-publish","hentry"],"jetpack_sharing_enabled":true,"_links":{"self":[{"href":"https:\/\/www.soyonsblack.fr\/en\/wp-json\/wp\/v2\/pages\/19753","targetHints":{"allow":["GET"]}}],"collection":[{"href":"https:\/\/www.soyonsblack.fr\/en\/wp-json\/wp\/v2\/pages"}],"about":[{"href":"https:\/\/www.soyonsblack.fr\/en\/wp-json\/wp\/v2\/types\/page"}],"author":[{"embeddable":true,"href":"https:\/\/www.soyonsblack.fr\/en\/wp-json\/wp\/v2\/users\/1"}],"replies":[{"embeddable":true,"href":"https:\/\/www.soyonsblack.fr\/en\/wp-json\/wp\/v2\/comments?post=19753"}],"version-history":[{"count":5,"href":"https:\/\/www.soyonsblack.fr\/en\/wp-json\/wp\/v2\/pages\/19753\/revisions"}],"predecessor-version":[{"id":19799,"href":"https:\/\/www.soyonsblack.fr\/en\/wp-json\/wp\/v2\/pages\/19753\/revisions\/19799"}],"wp:attachment":[{"href":"https:\/\/www.soyonsblack.fr\/en\/wp-json\/wp\/v2\/media?parent=19753"}],"curies":[{"name":"wp","href":"https:\/\/api.w.org\/{rel}","templated":true}]}}