{"id":19743,"date":"2020-06-14T20:45:16","date_gmt":"2020-06-14T20:45:16","guid":{"rendered":"http:\/\/www.soyonsblack.fr\/mentions-legales\/"},"modified":"2020-08-13T14:17:36","modified_gmt":"2020-08-13T14:17:36","slug":"mentions-legales","status":"publish","type":"page","link":"https:\/\/www.soyonsblack.fr\/en\/mentions-legales\/","title":{"rendered":"Legal Notices"},"content":{"rendered":"<div class=\"vc_row wpb_row vc_row-fluid\"><div class=\"wpb_column vc_column_container vc_col-sm-12\"><div class=\"vc_column-inner\"><div class=\"wpb_wrapper\"><h2 style=\"color: #000000;text-align: center;font-family:Abril Fatface;font-weight:400;font-style:normal\" class=\"vc_custom_heading responsive_js_composer_custom_css_146212511\" >legal notices<\/h2>\n\t<div class=\"wpb_text_column wpb_content_element  responsive_js_composer_custom_css_1110035792\" >\n\t\t<div class=\"wpb_wrapper\">\n\t\t\t<p><span style=\"font-weight: 400;\">La conception, la forme, le titre et l&#8217;ensemble des \u00e9l\u00e9ments contenus sur le site <\/span><a href=\"http:\/\/www.soyonsblack.fr\/en\/\"><span style=\"font-weight: 400;\">www.soyonsblack.fr<\/span><\/a><span style=\"font-weight: 400;\"> sont prot\u00e9g\u00e9s au titre du droit d&#8217;auteur et des marques.<\/span><\/p>\n<p><span style=\"font-weight: 400;\">\u00a0<\/span><\/p>\n<p><b>Droits d&#8217;auteur<\/b><\/p>\n<p><span style=\"font-weight: 400;\">This website was created using the open-source Xxxxxx \u2122 solution. <\/span><b>Xxxxxx<\/b><span style=\"font-weight: 400;\">\u2122.<\/span><\/p>\n<p><span style=\"font-weight: 400;\">The titles of the sites <\/span><a href=\"http:\/\/www.soyonsblack.fr\/en\/\"><span style=\"font-weight: 400;\">www.soyonsblack.fr<\/span><\/a><span style=\"font-weight: 400;\">, <\/span><a href=\"http:\/\/www.soyonsblack.com\/\"><span style=\"font-weight: 400;\">www.soyonsblack.com<\/span><\/a><span style=\"font-weight: 400;\">their content such as comments, illustrations and original images and their organization, and other elements contained on the sites <\/span><a href=\"http:\/\/www.soyonsblack.fr\/en\/\"><span style=\"font-weight: 400;\">www.soyonsblack.fr<\/span><\/a><span style=\"font-weight: 400;\">,<\/span><a href=\"http:\/\/www.soyonsblack.com\/\"><span style=\"font-weight: 400;\">www.soyonsblack.com<\/span><\/a><span style=\"font-weight: 400;\"> are the property of Soyons BLACK! \u2122.<\/span><\/p>\n<p><span style=\"font-weight: 400;\">\u00a0<\/span><\/p>\n<p><span style=\"font-weight: 400;\">Soyons BLACK!\u2122 n&#8217;autorise ses visiteurs \u00e0 copier \u00e9lectroniquement et \u00e0 imprimer sur support papier ces \u00e9l\u00e9ments que dans le seul but de pr\u00e9parer leurs achats et pour passer une commande \u00e0 Soyons BLACK !. Toute autre utilisation d&#8217;\u00e9l\u00e9ments du site <\/span><a href=\"http:\/\/www.soyonsblack.fr\/en\/\"><span style=\"font-weight: 400;\">www.soyonsblack.fr<\/span><\/a><span style=\"font-weight: 400;\">, y compris la reproduction dans des buts autres que ceux susmentionn\u00e9s, la modification, la diffusion ou la re-publication, sans l&#8217;autorisation \u00e9crite pr\u00e9alable de Soyons BLACK!\u2122 est strictement interdite et constitutive d&#8217;une contrefa\u00e7on.<\/span><\/p>\n<p><span style=\"font-weight: 400;\">Soyons Black \u2122<\/span><\/p>\n<p><span style=\"font-weight: 400;\">SIREN: <\/span><span style=\"font-weight: 400;\">538 556 499<\/span><\/p>\n<p><span style=\"font-weight: 400;\">Intra-community VAT: FR6753855649<\/span><\/p>\n\n\t\t<\/div>\n\t<\/div>\n<\/div><\/div><\/div><\/div>","protected":false},"excerpt":{"rendered":"Mentions L\u00e9gales La conception, la forme, le titre et l'ensemble des \u00e9l\u00e9ments contenus sur le site www.soyonsblack.fr sont prot\u00e9g\u00e9s au titre du droit d'auteur et des marques. \u00a0 Droits d'auteur Ce site internet a \u00e9t\u00e9 r\u00e9alis\u00e9 en utilisant la solution open-source Xxxxxx\u2122. Le titre des sites www.soyonsblack.fr, www.soyonsblack.com, leurs contenus tels que les commentaires, illustrations [...]","protected":false},"author":1,"featured_media":0,"parent":0,"menu_order":0,"comment_status":"open","ping_status":"open","template":"","meta":{"_vp_format_video_url":"","_vp_image_focal_point":[],"footnotes":""},"class_list":["post-19743","page","type-page","status-publish","hentry"],"jetpack_sharing_enabled":true,"_links":{"self":[{"href":"https:\/\/www.soyonsblack.fr\/en\/wp-json\/wp\/v2\/pages\/19743","targetHints":{"allow":["GET"]}}],"collection":[{"href":"https:\/\/www.soyonsblack.fr\/en\/wp-json\/wp\/v2\/pages"}],"about":[{"href":"https:\/\/www.soyonsblack.fr\/en\/wp-json\/wp\/v2\/types\/page"}],"author":[{"embeddable":true,"href":"https:\/\/www.soyonsblack.fr\/en\/wp-json\/wp\/v2\/users\/1"}],"replies":[{"embeddable":true,"href":"https:\/\/www.soyonsblack.fr\/en\/wp-json\/wp\/v2\/comments?post=19743"}],"version-history":[{"count":1,"href":"https:\/\/www.soyonsblack.fr\/en\/wp-json\/wp\/v2\/pages\/19743\/revisions"}],"predecessor-version":[{"id":19744,"href":"https:\/\/www.soyonsblack.fr\/en\/wp-json\/wp\/v2\/pages\/19743\/revisions\/19744"}],"wp:attachment":[{"href":"https:\/\/www.soyonsblack.fr\/en\/wp-json\/wp\/v2\/media?parent=19743"}],"curies":[{"name":"wp","href":"https:\/\/api.w.org\/{rel}","templated":true}]}}