{"id":17956,"date":"2020-08-11T14:46:04","date_gmt":"2020-08-11T14:46:04","guid":{"rendered":"http:\/\/www.soyonsblack.fr\/home-season\/"},"modified":"2020-09-17T17:05:26","modified_gmt":"2020-09-17T17:05:26","slug":"home-season","status":"publish","type":"page","link":"https:\/\/www.soyonsblack.fr\/en\/home-season\/?lang=en","title":{"rendered":"Home Season"},"content":{"rendered":"<div data-vc-full-width=\"true\" data-vc-full-width-init=\"false\" class=\"vc_row wpb_row vc_row-fluid vc_custom_1575875698790 vc_row-has-fill responsive_js_composer_custom_css_1423196537\"><div class=\"wpb_column vc_column_container vc_col-sm-12\"><div class=\"vc_column-inner\"><div class=\"wpb_wrapper\">            <div class=\"zonex-products  light  zonex_custom_css_1058514829  style-4 product-grid rows-space-0  responsive_js_composer_custom_css_1196714878\">\r\n\t\t\t\t                    <p>\r\n                        <strong>No Product<\/strong>\r\n                    <\/p>\r\n\t\t\t\t            <\/div>\r\n\t\t\t<\/div><\/div><\/div><\/div><div class=\"vc_row-full-width vc_clearfix\"><\/div><div class=\"vc_row wpb_row vc_row-fluid vc_custom_1578541157122 responsive_js_composer_custom_css_1439703654\"><div class=\"wpb_column vc_column_container vc_col-sm-12\"><div class=\"vc_column-inner\"><div class=\"wpb_wrapper\"><div class=\"vc_separator wpb_content_element vc_separator_align_center vc_sep_width_100 vc_sep_pos_align_center vc_separator_no_text vc_sep_color_grey  responsive_js_composer_custom_css_1171962379 responsive_js_composer_custom_css_1171962379\" ><span class=\"vc_sep_holder vc_sep_holder_l\"><span  class=\"vc_sep_line\"><\/span><\/span><span class=\"vc_sep_holder vc_sep_holder_r\"><span  class=\"vc_sep_line\"><\/span><\/span>\n<\/div><\/div><\/div><\/div><\/div><div class=\"vc_row wpb_row vc_row-fluid vc_custom_1569492740611 responsive_js_composer_custom_css_1800175807\"><div class=\"wpb_column vc_column_container vc_col-sm-12 vc_col-lg-5 vc_col-md-5 responsive_js_composer_custom_css_1692239911\"><div class=\"vc_column-inner vc_custom_1570096885074\"><div class=\"wpb_wrapper\">            <div class=\"zonex-banner style-03 text-light   zonex_custom_css_2111381934 zonex-wow fadeInUp  responsive_js_composer_custom_css_1728321958\" >\r\n                <div class=\"banner-inner\">\r\n                                                                        <figure class=\"banner-thumb\">\r\n                                 <a target=\"_self\"\r\n                                href=\"http:\/\/www.soyonsblack.fr\/en\/product\/couleur-3-claire\/\">\r\n                                    <img loading=\"lazy\" decoding=\"async\" width=\"683\" height=\"1362\" src=\"https:\/\/i0.wp.com\/www.soyonsblack.fr\/wp-content\/uploads\/2020\/06\/side5.jpg?fit=683%2C1362&amp;ssl=1\" class=\"attachment-full size-full\" alt=\"\" srcset=\"https:\/\/i0.wp.com\/www.soyonsblack.fr\/wp-content\/uploads\/2020\/06\/side5.jpg?w=683&amp;ssl=1 683w, https:\/\/i0.wp.com\/www.soyonsblack.fr\/wp-content\/uploads\/2020\/06\/side5.jpg?resize=429%2C855&amp;ssl=1 429w, https:\/\/i0.wp.com\/www.soyonsblack.fr\/wp-content\/uploads\/2020\/06\/side5.jpg?resize=150%2C300&amp;ssl=1 150w, https:\/\/i0.wp.com\/www.soyonsblack.fr\/wp-content\/uploads\/2020\/06\/side5.jpg?resize=514%2C1024&amp;ssl=1 514w, https:\/\/i0.wp.com\/www.soyonsblack.fr\/wp-content\/uploads\/2020\/06\/side5.jpg?resize=500%2C997&amp;ssl=1 500w\" sizes=\"auto, (max-width: 683px) 100vw, 683px\" \/>                                <\/a>\r\n                            <\/figure>\r\n\t                                            <div class=\"banner-info\">\r\n                                                            <div class=\"banner-info-inner\">\r\n                                                                        <div class=\"wrap-bigtitle\">\r\n                                                                            <h3 class=\"bigtitle\">\r\n                                            <a target=\"_self\" href=\"http:\/\/www.soyonsblack.fr\/en\/product\/couleur-3-claire\/\" data-hover=\"Authentique et d\u00e9contract\u00e9e\">\r\n                                                Authentique et d\u00e9contract\u00e9e                                            <\/a>\r\n                                        <\/h3>\r\n                                                                                                            <\/div>\r\n                                                                                                                                                    <a class=\"button\" target=\"_self\"\r\n                                           href=\"http:\/\/www.soyonsblack.fr\/en\/product\/couleur-3-claire\/\"><span>Shop Now<\/span><\/a>\r\n                                                                                                        <\/div>\r\n                                                    <\/div>\r\n                                    <\/div>\r\n            <\/div>\r\n            <\/div><\/div><\/div><div class=\"wpb_column vc_column_container vc_col-sm-12 vc_col-lg-7 vc_col-md-7 responsive_js_composer_custom_css_791155854\"><div class=\"vc_column-inner vc_custom_1570096791442\"><div class=\"wpb_wrapper\"><div class=\"vc_row wpb_row vc_inner vc_row-fluid vc_custom_1569492981117 responsive_js_composer_custom_css_1769200973\"><div class=\"wpb_column vc_column_container vc_col-sm-6 responsive_js_composer_custom_css_1488652274\"><div class=\"vc_column-inner vc_custom_1569492991468\"><div class=\"wpb_wrapper\">            <div class=\"zonex-banner style-03 text-light   zonex_custom_css_1132878930 zonex-wow fadeInUp  responsive_js_composer_custom_css_1644311869\" >\r\n                <div class=\"banner-inner\">\r\n                                                                        <figure class=\"banner-thumb\">\r\n                                 <a target=\"_self\"\r\n                                href=\"http:\/\/www.soyonsblack.fr\/en\/product\/couleur-9-la-plus-sombre\/\">\r\n                                    <img loading=\"lazy\" decoding=\"async\" width=\"1707\" height=\"2560\" src=\"https:\/\/i0.wp.com\/www.soyonsblack.fr\/wp-content\/uploads\/2020\/06\/IMG_1409-scaled.jpg?fit=1707%2C2560&amp;ssl=1\" class=\"attachment-full size-full\" alt=\"\" srcset=\"https:\/\/i0.wp.com\/www.soyonsblack.fr\/wp-content\/uploads\/2020\/06\/IMG_1409-scaled.jpg?w=1707&amp;ssl=1 1707w, https:\/\/i0.wp.com\/www.soyonsblack.fr\/wp-content\/uploads\/2020\/06\/IMG_1409-scaled.jpg?resize=570%2C855&amp;ssl=1 570w, https:\/\/i0.wp.com\/www.soyonsblack.fr\/wp-content\/uploads\/2020\/06\/IMG_1409-scaled.jpg?resize=200%2C300&amp;ssl=1 200w, https:\/\/i0.wp.com\/www.soyonsblack.fr\/wp-content\/uploads\/2020\/06\/IMG_1409-scaled.jpg?resize=683%2C1024&amp;ssl=1 683w, https:\/\/i0.wp.com\/www.soyonsblack.fr\/wp-content\/uploads\/2020\/06\/IMG_1409-scaled.jpg?resize=768%2C1152&amp;ssl=1 768w, https:\/\/i0.wp.com\/www.soyonsblack.fr\/wp-content\/uploads\/2020\/06\/IMG_1409-scaled.jpg?resize=333%2C500&amp;ssl=1 333w, https:\/\/i0.wp.com\/www.soyonsblack.fr\/wp-content\/uploads\/2020\/06\/IMG_1409-scaled.jpg?resize=533%2C800&amp;ssl=1 533w, https:\/\/i0.wp.com\/www.soyonsblack.fr\/wp-content\/uploads\/2020\/06\/IMG_1409-scaled.jpg?resize=853%2C1280&amp;ssl=1 853w, https:\/\/i0.wp.com\/www.soyonsblack.fr\/wp-content\/uploads\/2020\/06\/IMG_1409-scaled.jpg?resize=1280%2C1920&amp;ssl=1 1280w, https:\/\/i0.wp.com\/www.soyonsblack.fr\/wp-content\/uploads\/2020\/06\/IMG_1409-scaled.jpg?resize=1024%2C1536&amp;ssl=1 1024w, https:\/\/i0.wp.com\/www.soyonsblack.fr\/wp-content\/uploads\/2020\/06\/IMG_1409-scaled.jpg?resize=1365%2C2048&amp;ssl=1 1365w\" sizes=\"auto, (max-width: 900px) 100vw, 900px\" \/>                                <\/a>\r\n                            <\/figure>\r\n\t                                            <div class=\"banner-info\">\r\n                                                            <div class=\"banner-info-inner\">\r\n                                                                        <div class=\"wrap-bigtitle\">\r\n                                                                            <h3 class=\"bigtitle\">\r\n                                            <a target=\"_self\" href=\"http:\/\/www.soyonsblack.fr\/en\/product\/couleur-9-la-plus-sombre\/\" data-hover=\"Nymph\u00e9a\">\r\n                                                Nymph\u00e9a                                            <\/a>\r\n                                        <\/h3>\r\n                                                                                                            <\/div>\r\n                                                                                                                                                    <a class=\"button\" target=\"_self\"\r\n                                           href=\"http:\/\/www.soyonsblack.fr\/en\/product\/couleur-9-la-plus-sombre\/\"><span>Shop Now<\/span><\/a>\r\n                                                                                                        <\/div>\r\n                                                    <\/div>\r\n                                    <\/div>\r\n            <\/div>\r\n            <\/div><\/div><\/div><div class=\"wpb_column vc_column_container vc_col-sm-6 responsive_js_composer_custom_css_404866093\"><div class=\"vc_column-inner vc_custom_1587426792017\"><div class=\"wpb_wrapper\">            <div class=\"zonex-banner style-03 text-light   zonex_custom_css_491309597 zonex-wow fadeInRight  responsive_js_composer_custom_css_870621025\" >\r\n                <div class=\"banner-inner\">\r\n                                                                        <figure class=\"banner-thumb\">\r\n                                 <a target=\"_self\"\r\n                                href=\"http:\/\/www.soyonsblack.fr\/en\/product\/couleur-9-la-plus-sombre\/\">\r\n                                    <img loading=\"lazy\" decoding=\"async\" width=\"683\" height=\"1024\" src=\"https:\/\/i0.wp.com\/www.soyonsblack.fr\/wp-content\/uploads\/2020\/07\/13-.2.jpg?fit=683%2C1024&amp;ssl=1\" class=\"attachment-full size-full\" alt=\"\" srcset=\"https:\/\/i0.wp.com\/www.soyonsblack.fr\/wp-content\/uploads\/2020\/07\/13-.2.jpg?w=683&amp;ssl=1 683w, https:\/\/i0.wp.com\/www.soyonsblack.fr\/wp-content\/uploads\/2020\/07\/13-.2.jpg?resize=570%2C855&amp;ssl=1 570w, https:\/\/i0.wp.com\/www.soyonsblack.fr\/wp-content\/uploads\/2020\/07\/13-.2.jpg?resize=200%2C300&amp;ssl=1 200w, https:\/\/i0.wp.com\/www.soyonsblack.fr\/wp-content\/uploads\/2020\/07\/13-.2.jpg?resize=500%2C750&amp;ssl=1 500w\" sizes=\"auto, (max-width: 683px) 100vw, 683px\" \/>                                <\/a>\r\n                            <\/figure>\r\n\t                                            <div class=\"banner-info\">\r\n                                                            <div class=\"banner-info-inner\">\r\n                                                                        <div class=\"wrap-bigtitle\">\r\n                                                                            <h3 class=\"bigtitle\">\r\n                                            <a target=\"_self\" href=\"http:\/\/www.soyonsblack.fr\/en\/product\/couleur-9-la-plus-sombre\/\" data-hover=\"Lifestyle\">\r\n                                                Lifestyle                                            <\/a>\r\n                                        <\/h3>\r\n                                                                                                            <\/div>\r\n                                                                                                                                                    <a class=\"button\" target=\"_self\"\r\n                                           href=\"http:\/\/www.soyonsblack.fr\/en\/product\/couleur-9-la-plus-sombre\/\"><span>Shop Now<\/span><\/a>\r\n                                                                                                        <\/div>\r\n                                                    <\/div>\r\n                                    <\/div>\r\n            <\/div>\r\n            <\/div><\/div><\/div><\/div>            <div class=\"zonex-banner style-03 text-light   zonex_custom_css_60006321 zonex-wow fadeInUp  vc_custom_1599341749771 responsive_js_composer_custom_css_1712180263\" >\r\n                <div class=\"banner-inner\">\r\n                                                                        <figure class=\"banner-thumb\">\r\n                                 <a target=\"_self\"\r\n                                href=\"http:\/\/www.soyonsblack.fr\/en\/product\/couleur-3-claire\/\">\r\n                                    <img loading=\"lazy\" decoding=\"async\" width=\"1984\" height=\"1323\" src=\"https:\/\/i0.wp.com\/www.soyonsblack.fr\/wp-content\/uploads\/2020\/06\/IMG_1412.jpg?fit=1984%2C1323&amp;ssl=1\" class=\"attachment-full size-full\" alt=\"\" srcset=\"https:\/\/i0.wp.com\/www.soyonsblack.fr\/wp-content\/uploads\/2020\/06\/IMG_1412.jpg?w=1984&amp;ssl=1 1984w, https:\/\/i0.wp.com\/www.soyonsblack.fr\/wp-content\/uploads\/2020\/06\/IMG_1412.jpg?resize=675%2C450&amp;ssl=1 675w, https:\/\/i0.wp.com\/www.soyonsblack.fr\/wp-content\/uploads\/2020\/06\/IMG_1412.jpg?resize=300%2C200&amp;ssl=1 300w, https:\/\/i0.wp.com\/www.soyonsblack.fr\/wp-content\/uploads\/2020\/06\/IMG_1412.jpg?resize=1024%2C683&amp;ssl=1 1024w, https:\/\/i0.wp.com\/www.soyonsblack.fr\/wp-content\/uploads\/2020\/06\/IMG_1412.jpg?resize=768%2C512&amp;ssl=1 768w, https:\/\/i0.wp.com\/www.soyonsblack.fr\/wp-content\/uploads\/2020\/06\/IMG_1412.jpg?resize=500%2C333&amp;ssl=1 500w, https:\/\/i0.wp.com\/www.soyonsblack.fr\/wp-content\/uploads\/2020\/06\/IMG_1412.jpg?resize=800%2C533&amp;ssl=1 800w, https:\/\/i0.wp.com\/www.soyonsblack.fr\/wp-content\/uploads\/2020\/06\/IMG_1412.jpg?resize=1280%2C854&amp;ssl=1 1280w, https:\/\/i0.wp.com\/www.soyonsblack.fr\/wp-content\/uploads\/2020\/06\/IMG_1412.jpg?resize=1920%2C1280&amp;ssl=1 1920w, https:\/\/i0.wp.com\/www.soyonsblack.fr\/wp-content\/uploads\/2020\/06\/IMG_1412.jpg?resize=1536%2C1024&amp;ssl=1 1536w, https:\/\/i0.wp.com\/www.soyonsblack.fr\/wp-content\/uploads\/2020\/06\/IMG_1412.jpg?w=1800&amp;ssl=1 1800w\" sizes=\"auto, (max-width: 900px) 100vw, 900px\" \/>                                <\/a>\r\n                            <\/figure>\r\n\t                                            <div class=\"banner-info\">\r\n                                                            <div class=\"banner-info-inner\">\r\n                                                                        <div class=\"wrap-bigtitle\">\r\n                                                                            <h3 class=\"bigtitle\">\r\n                                            <a target=\"_self\" href=\"http:\/\/www.soyonsblack.fr\/en\/product\/couleur-3-claire\/\" data-hover=\"Troublante\">\r\n                                                Troublante                                            <\/a>\r\n                                        <\/h3>\r\n                                                                                                            <\/div>\r\n                                                                                                                                                    <a class=\"button\" target=\"_self\"\r\n                                           href=\"http:\/\/www.soyonsblack.fr\/en\/product\/couleur-3-claire\/\"><span>Shop Now<\/span><\/a>\r\n                                                                                                        <\/div>\r\n                                                    <\/div>\r\n                                    <\/div>\r\n            <\/div>\r\n            <\/div><\/div><\/div><\/div><div class=\"vc_row wpb_row vc_row-fluid\"><div class=\"wpb_column vc_column_container vc_col-sm-12\"><div class=\"vc_column-inner\"><div class=\"wpb_wrapper\"><\/div><\/div><\/div><\/div>","protected":false},"excerpt":{"rendered":"No Product Authentique et d\u00e9contract\u00e9e Shop Now Nymph\u00e9a Shop Now Lifestyle Shop Now Troublante Shop Now","protected":false},"author":1,"featured_media":0,"parent":0,"menu_order":0,"comment_status":"closed","ping_status":"closed","template":"templates\/fullwidth.php","meta":{"_vp_format_video_url":"","_vp_image_focal_point":[],"footnotes":""},"class_list":["post-17956","page","type-page","status-publish","hentry"],"jetpack_sharing_enabled":true,"_links":{"self":[{"href":"https:\/\/www.soyonsblack.fr\/en\/wp-json\/wp\/v2\/pages\/17956","targetHints":{"allow":["GET"]}}],"collection":[{"href":"https:\/\/www.soyonsblack.fr\/en\/wp-json\/wp\/v2\/pages"}],"about":[{"href":"https:\/\/www.soyonsblack.fr\/en\/wp-json\/wp\/v2\/types\/page"}],"author":[{"embeddable":true,"href":"https:\/\/www.soyonsblack.fr\/en\/wp-json\/wp\/v2\/users\/1"}],"replies":[{"embeddable":true,"href":"https:\/\/www.soyonsblack.fr\/en\/wp-json\/wp\/v2\/comments?post=17956"}],"version-history":[{"count":19,"href":"https:\/\/www.soyonsblack.fr\/en\/wp-json\/wp\/v2\/pages\/17956\/revisions"}],"predecessor-version":[{"id":23708,"href":"https:\/\/www.soyonsblack.fr\/en\/wp-json\/wp\/v2\/pages\/17956\/revisions\/23708"}],"wp:attachment":[{"href":"https:\/\/www.soyonsblack.fr\/en\/wp-json\/wp\/v2\/media?parent=17956"}],"curies":[{"name":"wp","href":"https:\/\/api.w.org\/{rel}","templated":true}]}}