{"id":15126,"date":"2020-06-24T18:24:49","date_gmt":"2020-06-24T18:24:49","guid":{"rendered":"http:\/\/www.soyonsblack.fr\/?page_id=15126"},"modified":"2020-06-24T19:11:10","modified_gmt":"2020-06-24T19:11:10","slug":"modes-de-paiements","status":"publish","type":"page","link":"https:\/\/www.soyonsblack.fr\/en\/modes-de-paiements\/","title":{"rendered":"Modes de paiements"},"content":{"rendered":"<div class=\"vc_row wpb_row vc_row-fluid\"><div class=\"wpb_column vc_column_container vc_col-sm-12\"><div class=\"vc_column-inner\"><div class=\"wpb_wrapper\"><h2 style=\"color: #000000;text-align: center;font-family:Abril Fatface;font-weight:400;font-style:normal\" class=\"vc_custom_heading responsive_js_composer_custom_css_1725712254\" >Modes de paiements<\/h2>\n\t<div class=\"wpb_text_column wpb_content_element  responsive_js_composer_custom_css_2068454575\" >\n\t\t<div class=\"wpb_wrapper\">\n\t\t\t<p style=\"text-align: center;\"><strong>Soyons Black accepte 2 modes de paiement :<\/strong><\/p>\n<p><b>1) paiement par carte bancaire VISA et MasterCard.<\/b><\/p>\n<p><span style=\"font-weight: 400;\">Que vous soyez en France ou dans n&#8217;importe quel pays du monde, vous avez la possibilit\u00e9 de payer avec une carte bancaire locale, s&#8217;il s&#8217;agit d&#8217;une carte Visa ou Mastercard.<\/span><\/p>\n<p><span style=\"font-weight: 400;\">Notre avons choisi\u00a0 comme partenaire pour les transactions par carte bancaire.<\/span><\/p>\n<p><span style=\"font-weight: 400;\">Les transactions PayPlug sont effectu\u00e9es sur un lien HTTPS \u00e9tabli entre le client et le serveur de paiement. Les donn\u00e9es sensibles, telles que le num\u00e9ro de carte bancaire du client et sa date d\u2019expiration, sont enti\u00e8rement crypt\u00e9es et prot\u00e9g\u00e9es gr\u00e2ce \u00e0 un protocole SSL afin d\u2019emp\u00eacher que les informations \u00e9chang\u00e9es puissent \u00eatre intercept\u00e9es en clair par un tiers au cours de la transaction.<\/span><\/p>\n<p>&nbsp;<\/p>\n<p><span style=\"font-weight: 400;\">Les num\u00e9ros de cartes sont crypt\u00e9s instantan\u00e9ment et ne sont pas accessibles par les commer\u00e7ants PayPlug. De plus, PayPlug ne conserve pas les num\u00e9ros de carte et s\u2019appuie sur une infrastructure s\u00e9curis\u00e9e qui respecte la norme internationale PCI-DSS. Pour en savoir plus sur cette norme, <\/span><span style=\"font-weight: 400;\">cliquez ici<\/span><span style=\"font-weight: 400;\">.<\/span><\/p>\n<p>&nbsp;<\/p>\n<p><span style=\"font-weight: 400;\">Toutes les pages du site web PayPlug, ainsi que les liens de transmission sont s\u00e9curis\u00e9s en SSL et b\u00e9n\u00e9ficient d\u2019un certificat de s\u00e9curit\u00e9 Thawte Extended Validation.<\/span><\/p>\n<p><b>2) paiement par compte Paypal<\/b><\/p>\n<p><span style=\"font-weight: 400;\">PayPal, leader incontest\u00e9 en mati\u00e8re de paiement en ligne, permet aux acheteurs et aux vendeurs d&#8217;envoyer et de recevoir des paiements en ligne. PayPal compte plus de 100 millions de comptes dans 190 pays et r\u00e9gions du monde. Il est accept\u00e9 par les marchands partout, \u00e0 la fois sur eBay et en dehors d&#8217;eBay.<\/span><\/p>\n<p><span style=\"font-weight: 400;\">PayPal contribue \u00e0 prot\u00e9ger les informations concernant votre carte bancaire gr\u00e2ce aux meilleurs syst\u00e8mes pr\u00e9sents sur le march\u00e9 pour la s\u00e9curit\u00e9 et la pr\u00e9vention contre la fraude. Lorsque vous utilisez PayPal, vos informations financi\u00e8res ne sont jamais communiqu\u00e9es au marchand.<\/span><\/p>\n\n\t\t<\/div>\n\t<\/div>\n<\/div><\/div><\/div><\/div>","protected":false},"excerpt":{"rendered":"Modes de paiements Soyons Black accepte 2 modes de paiement : 1) paiement par carte bancaire VISA et MasterCard. Que vous soyez en France ou dans n'importe quel pays du monde, vous avez la possibilit\u00e9 de payer avec une carte bancaire locale, s'il s'agit d'une carte Visa ou Mastercard. Notre avons choisi\u00a0 comme partenaire pour [...]","protected":false},"author":1,"featured_media":0,"parent":0,"menu_order":0,"comment_status":"open","ping_status":"open","template":"","meta":{"_vp_format_video_url":"","_vp_image_focal_point":[],"footnotes":""},"class_list":["post-15126","page","type-page","status-publish","hentry"],"jetpack_sharing_enabled":true,"_links":{"self":[{"href":"https:\/\/www.soyonsblack.fr\/en\/wp-json\/wp\/v2\/pages\/15126","targetHints":{"allow":["GET"]}}],"collection":[{"href":"https:\/\/www.soyonsblack.fr\/en\/wp-json\/wp\/v2\/pages"}],"about":[{"href":"https:\/\/www.soyonsblack.fr\/en\/wp-json\/wp\/v2\/types\/page"}],"author":[{"embeddable":true,"href":"https:\/\/www.soyonsblack.fr\/en\/wp-json\/wp\/v2\/users\/1"}],"replies":[{"embeddable":true,"href":"https:\/\/www.soyonsblack.fr\/en\/wp-json\/wp\/v2\/comments?post=15126"}],"version-history":[{"count":3,"href":"https:\/\/www.soyonsblack.fr\/en\/wp-json\/wp\/v2\/pages\/15126\/revisions"}],"predecessor-version":[{"id":15139,"href":"https:\/\/www.soyonsblack.fr\/en\/wp-json\/wp\/v2\/pages\/15126\/revisions\/15139"}],"wp:attachment":[{"href":"https:\/\/www.soyonsblack.fr\/en\/wp-json\/wp\/v2\/media?parent=15126"}],"curies":[{"name":"wp","href":"https:\/\/api.w.org\/{rel}","templated":true}]}}