{"id":13381,"date":"2020-06-14T20:42:45","date_gmt":"2020-06-14T20:42:45","guid":{"rendered":"http:\/\/www.soyonsblack.fr\/?page_id=13381"},"modified":"2020-10-10T19:34:44","modified_gmt":"2020-10-10T19:34:44","slug":"vivre-mes-collants","status":"publish","type":"page","link":"https:\/\/www.soyonsblack.fr\/en\/vivre-mes-collants\/","title":{"rendered":"Vivre mes collants"},"content":{"rendered":"<div class=\"wp-block-group\"><div class=\"wp-block-group__inner-container is-layout-flow wp-block-group-is-layout-flow\">\n<div class=\"wp-block-columns is-layout-flex wp-container-core-columns-is-layout-9d6595d7 wp-block-columns-is-layout-flex\">\n<div class=\"wp-block-column is-layout-flow wp-block-column-is-layout-flow\">\n<div class=\"wp-block-image\"><figure class=\"aligncenter size-large is-resized\"><img data-recalc-dims=\"1\" loading=\"lazy\" decoding=\"async\" src=\"https:\/\/i0.wp.com\/www.soyonsblack.fr\/wp-content\/uploads\/2020\/06\/IMG_0983.jpg?resize=381%2C254\" alt=\"\" class=\"wp-image-13478\" width=\"381\" height=\"254\" srcset=\"https:\/\/i0.wp.com\/www.soyonsblack.fr\/wp-content\/uploads\/2020\/06\/IMG_0983.jpg?w=942&amp;ssl=1 942w, https:\/\/i0.wp.com\/www.soyonsblack.fr\/wp-content\/uploads\/2020\/06\/IMG_0983.jpg?resize=675%2C450&amp;ssl=1 675w, https:\/\/i0.wp.com\/www.soyonsblack.fr\/wp-content\/uploads\/2020\/06\/IMG_0983.jpg?resize=300%2C200&amp;ssl=1 300w, https:\/\/i0.wp.com\/www.soyonsblack.fr\/wp-content\/uploads\/2020\/06\/IMG_0983.jpg?resize=768%2C512&amp;ssl=1 768w, https:\/\/i0.wp.com\/www.soyonsblack.fr\/wp-content\/uploads\/2020\/06\/IMG_0983.jpg?resize=500%2C333&amp;ssl=1 500w, https:\/\/i0.wp.com\/www.soyonsblack.fr\/wp-content\/uploads\/2020\/06\/IMG_0983.jpg?resize=800%2C533&amp;ssl=1 800w\" sizes=\"auto, (max-width: 381px) 100vw, 381px\" \/><\/figure><\/div>\n<\/div>\n\n\n\n<div class=\"wp-block-column is-layout-flow wp-block-column-is-layout-flow\">\n<p class=\"has-text-align-left has-text-color has-normal-font-size\" style=\"color:#000000\">Nos collants se positionnent dans le segment de haute qualit\u00e9 : Ils sont confortables, r\u00e9sistants, et peu brillants. Une paire de collants SoyonsBLACK est constitu\u00e9e de diff\u00e9rents \u00e9l\u00e9ments : La ceinture, la culotte, le collant, les renforts. Ils sont livr\u00e9s dans une boite compacte offrant 2 niveaux de protections.\u00a0<\/p>\n<\/div>\n<\/div>\n<\/div><\/div>\n\n\n\n<h3 class=\"wp-block-heading\">La ceinture<\/h3>\n\n\n\n<p class=\"has-text-color\" style=\"color:#000608\">Elle se situe au-dessus de la culotte, et aide au maintien du collant. Le collant reste en place, ne tombe pas, et ne s&#8217;enroule pas. La ceinture joue un r\u00f4le important dans la sensation de confort que d\u00e9gage le collant, en \u00e9pousant parfaitement le contour de la taille.\u00a0<\/p>\n\n\n\n<div class=\"wp-block-image\"><figure class=\"aligncenter size-large is-resized\"><img data-recalc-dims=\"1\" loading=\"lazy\" decoding=\"async\" src=\"https:\/\/i0.wp.com\/www.soyonsblack.fr\/wp-content\/uploads\/2020\/06\/IMG_1697-1024x683.jpg?resize=506%2C336\" alt=\"\" class=\"wp-image-13474\" width=\"506\" height=\"336\" srcset=\"https:\/\/i0.wp.com\/www.soyonsblack.fr\/wp-content\/uploads\/2020\/06\/IMG_1697-scaled.jpg?resize=1024%2C683&amp;ssl=1 1024w, https:\/\/i0.wp.com\/www.soyonsblack.fr\/wp-content\/uploads\/2020\/06\/IMG_1697-scaled.jpg?resize=675%2C450&amp;ssl=1 675w, https:\/\/i0.wp.com\/www.soyonsblack.fr\/wp-content\/uploads\/2020\/06\/IMG_1697-scaled.jpg?resize=300%2C200&amp;ssl=1 300w, https:\/\/i0.wp.com\/www.soyonsblack.fr\/wp-content\/uploads\/2020\/06\/IMG_1697-scaled.jpg?resize=768%2C512&amp;ssl=1 768w, https:\/\/i0.wp.com\/www.soyonsblack.fr\/wp-content\/uploads\/2020\/06\/IMG_1697-scaled.jpg?resize=500%2C333&amp;ssl=1 500w, https:\/\/i0.wp.com\/www.soyonsblack.fr\/wp-content\/uploads\/2020\/06\/IMG_1697-scaled.jpg?resize=800%2C533&amp;ssl=1 800w, https:\/\/i0.wp.com\/www.soyonsblack.fr\/wp-content\/uploads\/2020\/06\/IMG_1697-scaled.jpg?resize=1280%2C853&amp;ssl=1 1280w, https:\/\/i0.wp.com\/www.soyonsblack.fr\/wp-content\/uploads\/2020\/06\/IMG_1697-scaled.jpg?resize=1920%2C1280&amp;ssl=1 1920w, https:\/\/i0.wp.com\/www.soyonsblack.fr\/wp-content\/uploads\/2020\/06\/IMG_1697-scaled.jpg?resize=1536%2C1024&amp;ssl=1 1536w, https:\/\/i0.wp.com\/www.soyonsblack.fr\/wp-content\/uploads\/2020\/06\/IMG_1697-scaled.jpg?resize=2048%2C1365&amp;ssl=1 2048w, https:\/\/i0.wp.com\/www.soyonsblack.fr\/wp-content\/uploads\/2020\/06\/IMG_1697-scaled.jpg?w=1800&amp;ssl=1 1800w\" sizes=\"auto, (max-width: 506px) 100vw, 506px\" \/><\/figure><\/div>\n\n\n\n<h3 class=\"wp-block-heading\">La culotte<\/h3>\n\n\n\n<p class=\"has-text-color\" style=\"color:#000000\">Il s&#8217;agit d&#8217;une culotte droite, de 40 deniers, plus \u00e9paisse que la partie collant, pour une r\u00e9sistance accrue. Sa composition, 85% nylon et 15% \u00e9lasthanne (lycra), la rend tr\u00e8s souple et douce. Elle est \u00e9quip\u00e9e d&#8217;un gousset \u00e0 l&#8217;entre-jambe, qui assure \u00e0 la fois plus de confort dans la zone, et plus de r\u00e9sistance, en diminuant les zones de contraintes sur les coutures.\u00a0<\/p>\n\n\n\n<h3 class=\"wp-block-heading\">Le collant<\/h3>\n\n\n\n<p class=\"has-text-color\" style=\"color:#000608\">La partie jambe n&#8217;a ni couture, ni motif, pour un effet invisible parfait. D&#8217;une \u00e9paisseur de 15 deniers, le collant est tr\u00e8s l\u00e9ger, tr\u00e8s doux et peu brillant. Compos\u00e9 \u00e0 85% de nylon et 15% d&#8217;\u00e9lasthanne (lycra), Il est tr\u00e8s \u00e9lastique, tr\u00e8s confortable, et r\u00e9sistant. Enfin, Il est extr\u00eamement fin pour renforcer l&#8217;effet &#8220;peau nue&#8221;, et mettre en valeur la couleur naturelle de la peau.\u00a0<\/p>\n\n\n\n<div class=\"wp-block-image\"><figure class=\"aligncenter size-large is-resized\"><img data-recalc-dims=\"1\" loading=\"lazy\" decoding=\"async\" src=\"https:\/\/i0.wp.com\/www.soyonsblack.fr\/wp-content\/uploads\/2020\/06\/IMG_1696-683x1024.jpg?resize=338%2C507\" alt=\"\" class=\"wp-image-13475\" width=\"338\" height=\"507\" srcset=\"https:\/\/i0.wp.com\/www.soyonsblack.fr\/wp-content\/uploads\/2020\/06\/IMG_1696-scaled.jpg?resize=683%2C1024&amp;ssl=1 683w, https:\/\/i0.wp.com\/www.soyonsblack.fr\/wp-content\/uploads\/2020\/06\/IMG_1696-scaled.jpg?resize=570%2C855&amp;ssl=1 570w, https:\/\/i0.wp.com\/www.soyonsblack.fr\/wp-content\/uploads\/2020\/06\/IMG_1696-scaled.jpg?resize=200%2C300&amp;ssl=1 200w, https:\/\/i0.wp.com\/www.soyonsblack.fr\/wp-content\/uploads\/2020\/06\/IMG_1696-scaled.jpg?resize=768%2C1152&amp;ssl=1 768w, https:\/\/i0.wp.com\/www.soyonsblack.fr\/wp-content\/uploads\/2020\/06\/IMG_1696-scaled.jpg?resize=333%2C500&amp;ssl=1 333w, https:\/\/i0.wp.com\/www.soyonsblack.fr\/wp-content\/uploads\/2020\/06\/IMG_1696-scaled.jpg?resize=533%2C800&amp;ssl=1 533w, https:\/\/i0.wp.com\/www.soyonsblack.fr\/wp-content\/uploads\/2020\/06\/IMG_1696-scaled.jpg?resize=853%2C1280&amp;ssl=1 853w, https:\/\/i0.wp.com\/www.soyonsblack.fr\/wp-content\/uploads\/2020\/06\/IMG_1696-scaled.jpg?resize=1280%2C1920&amp;ssl=1 1280w, https:\/\/i0.wp.com\/www.soyonsblack.fr\/wp-content\/uploads\/2020\/06\/IMG_1696-scaled.jpg?resize=1024%2C1536&amp;ssl=1 1024w, https:\/\/i0.wp.com\/www.soyonsblack.fr\/wp-content\/uploads\/2020\/06\/IMG_1696-scaled.jpg?resize=1365%2C2048&amp;ssl=1 1365w, https:\/\/i0.wp.com\/www.soyonsblack.fr\/wp-content\/uploads\/2020\/06\/IMG_1696-scaled.jpg?w=1707&amp;ssl=1 1707w\" sizes=\"auto, (max-width: 338px) 100vw, 338px\" \/><\/figure><\/div>\n\n\n\n<h3 class=\"wp-block-heading\">Renfort<\/h3>\n\n\n\n<p class=\"has-text-color\" style=\"color:#000305\">Les collants SoyonsBLACK sont renforc\u00e9s au niveau des orteils, ce qui les rend plus r\u00e9sistants dans cette zone soumise \u00e0 beaucoup de contraintes, tout en restant discret, rendant le collant compatible avec des chaussures laissant apparaitre le bout du pied, sans cacher ni les orteils ni leur verni.\u00a0<\/p>\n\n\n\n<div class=\"wp-block-image\"><figure class=\"aligncenter size-large is-resized\"><img data-recalc-dims=\"1\" loading=\"lazy\" decoding=\"async\" src=\"https:\/\/i0.wp.com\/www.soyonsblack.fr\/wp-content\/uploads\/2020\/06\/IMG_1695-1024x683.jpg?resize=454%2C302\" alt=\"\" class=\"wp-image-13476\" width=\"454\" height=\"302\" srcset=\"https:\/\/i0.wp.com\/www.soyonsblack.fr\/wp-content\/uploads\/2020\/06\/IMG_1695-scaled.jpg?resize=1024%2C683&amp;ssl=1 1024w, https:\/\/i0.wp.com\/www.soyonsblack.fr\/wp-content\/uploads\/2020\/06\/IMG_1695-scaled.jpg?resize=675%2C450&amp;ssl=1 675w, https:\/\/i0.wp.com\/www.soyonsblack.fr\/wp-content\/uploads\/2020\/06\/IMG_1695-scaled.jpg?resize=300%2C200&amp;ssl=1 300w, https:\/\/i0.wp.com\/www.soyonsblack.fr\/wp-content\/uploads\/2020\/06\/IMG_1695-scaled.jpg?resize=768%2C512&amp;ssl=1 768w, https:\/\/i0.wp.com\/www.soyonsblack.fr\/wp-content\/uploads\/2020\/06\/IMG_1695-scaled.jpg?resize=500%2C333&amp;ssl=1 500w, https:\/\/i0.wp.com\/www.soyonsblack.fr\/wp-content\/uploads\/2020\/06\/IMG_1695-scaled.jpg?resize=800%2C533&amp;ssl=1 800w, https:\/\/i0.wp.com\/www.soyonsblack.fr\/wp-content\/uploads\/2020\/06\/IMG_1695-scaled.jpg?resize=1280%2C853&amp;ssl=1 1280w, https:\/\/i0.wp.com\/www.soyonsblack.fr\/wp-content\/uploads\/2020\/06\/IMG_1695-scaled.jpg?resize=1920%2C1280&amp;ssl=1 1920w, https:\/\/i0.wp.com\/www.soyonsblack.fr\/wp-content\/uploads\/2020\/06\/IMG_1695-scaled.jpg?resize=1536%2C1024&amp;ssl=1 1536w, https:\/\/i0.wp.com\/www.soyonsblack.fr\/wp-content\/uploads\/2020\/06\/IMG_1695-scaled.jpg?resize=2048%2C1365&amp;ssl=1 2048w, https:\/\/i0.wp.com\/www.soyonsblack.fr\/wp-content\/uploads\/2020\/06\/IMG_1695-scaled.jpg?w=1800&amp;ssl=1 1800w\" sizes=\"auto, (max-width: 454px) 100vw, 454px\" \/><\/figure><\/div>\n\n\n\n<h3 class=\"wp-block-heading\"><strong>R\u00e9sistance<\/strong><\/h3>\n\n\n\n<p class=\"has-text-color\" style=\"color:#000000\">Comme d\u00e9crit ci-dessus, les collant SoyonsBLACK ont diff\u00e9rents renforts, et une composition de mat\u00e9riaux leurs assurant une r\u00e9sistance sup\u00e9rieure. Ils sont suffisamment r\u00e9sistants pour \u00eatre utilis\u00e9s jusqu&#8217;\u00e0 5 fois ou plus, dans des conditions normales. Ce chiffre varie selon les utilisations, et les utilisatrices. Il est toutefois utile de rappeler qu&#8217;un collant, aussi renforc\u00e9 soit-il, reste intrins\u00e8quement fragile, et n\u00e9cessite un soin particulier. Sans attention particuli\u00e8re, Il peut toujours arriver de le filer en l&#8217;enfilant la 1ere fois. De m\u00eame, un si\u00e8ge ab\u00eem\u00e9 ou un mur cr\u00e9pi repr\u00e9sentent des risques quel que soit le type de collant. Cependant, avec des conditions normales d&#8217;utilisation, nos collants vous offrirons une long\u00e9vit\u00e9 au dessus de la moyenne.\u00a0<\/p>\n\n\n\n<h3 class=\"wp-block-heading\"><strong>Soins<\/strong><\/h3>\n\n\n\n<p class=\"has-text-color\" style=\"color:#000000\">Les collants SoyonsBLACK sont lavables \u00e0 la main, \u00e0 l&#8217;eau ti\u00e8de (les temp\u00e9ratures trop \u00e9lev\u00e9es endommagent l&#8217;\u00e9lasthanne). Ils peuvent \u00e9galement \u00eatre lav\u00e9s en machine, cependant l&#8217;utilisation d&#8217;un filet est vivement recommand\u00e9e.<\/p>\n\n\n\n<h3 class=\"wp-block-heading\"><strong>Emballage<\/strong><\/h3>\n\n\n\n<p class=\"has-text-color\" style=\"color:#000000\">l&#8217;emballage des collants soyonsBLACK se compose d&#8217;un sachet plastique, Et d&#8217;un \u00e9tui en carton, offrant une protection maximale au collant jusqu&#8217;\u00e0 son utilisation. L&#8217;\u00e9tui compact permet de le glisser facilement dans un sac-\u00e0-main, un sac de voyage ou un tiroir, sans risquer de les ab\u00eemer accidentellement. L&#8217;\u00e9tui carton peut \u00e9galement servir au stockage du collant en attendant une nouvelle sortie.\u00a0<\/p>","protected":false},"excerpt":{"rendered":"<p>Nos collants se positionnent dans le segment de haute qualit\u00e9 : Ils sont confortables, r\u00e9sistants, et peu brillants. Une paire de collants SoyonsBLACK est constitu\u00e9e de diff\u00e9rents \u00e9l\u00e9ments : La ceinture, la culotte, le collant, les renforts. Ils sont livr\u00e9s dans une boite compacte offrant 2 niveaux de protections.\u00a0 La ceinture Elle se situe au-dessus [&hellip;]<\/p>","protected":false},"author":1,"featured_media":0,"parent":0,"menu_order":0,"comment_status":"open","ping_status":"open","template":"","meta":{"_vp_format_video_url":"","_vp_image_focal_point":[],"footnotes":""},"class_list":["post-13381","page","type-page","status-publish","hentry"],"jetpack_sharing_enabled":true,"_links":{"self":[{"href":"https:\/\/www.soyonsblack.fr\/en\/wp-json\/wp\/v2\/pages\/13381","targetHints":{"allow":["GET"]}}],"collection":[{"href":"https:\/\/www.soyonsblack.fr\/en\/wp-json\/wp\/v2\/pages"}],"about":[{"href":"https:\/\/www.soyonsblack.fr\/en\/wp-json\/wp\/v2\/types\/page"}],"author":[{"embeddable":true,"href":"https:\/\/www.soyonsblack.fr\/en\/wp-json\/wp\/v2\/users\/1"}],"replies":[{"embeddable":true,"href":"https:\/\/www.soyonsblack.fr\/en\/wp-json\/wp\/v2\/comments?post=13381"}],"version-history":[{"count":18,"href":"https:\/\/www.soyonsblack.fr\/en\/wp-json\/wp\/v2\/pages\/13381\/revisions"}],"predecessor-version":[{"id":23775,"href":"https:\/\/www.soyonsblack.fr\/en\/wp-json\/wp\/v2\/pages\/13381\/revisions\/23775"}],"wp:attachment":[{"href":"https:\/\/www.soyonsblack.fr\/en\/wp-json\/wp\/v2\/media?parent=13381"}],"curies":[{"name":"wp","href":"https:\/\/api.w.org\/{rel}","templated":true}]}}