{"id":13379,"date":"2020-06-14T20:41:51","date_gmt":"2020-06-14T20:41:51","guid":{"rendered":"http:\/\/www.soyonsblack.fr\/?page_id=13379"},"modified":"2020-09-04T14:16:41","modified_gmt":"2020-09-04T14:16:41","slug":"qui-sommes-nous","status":"publish","type":"page","link":"https:\/\/www.soyonsblack.fr\/en\/qui-sommes-nous\/","title":{"rendered":"Where to find us"},"content":{"rendered":"<div class=\"vc_row wpb_row vc_row-fluid\"><div class=\"wpb_column vc_column_container vc_col-sm-12\"><div class=\"vc_column-inner\"><div class=\"wpb_wrapper\">\n\t<div class=\"wpb_text_column wpb_content_element  responsive_js_composer_custom_css_1019744415\" >\n\t\t<div class=\"wpb_wrapper\">\n\t\t\t<p><span style=\"color: #000000;\">Soyons Black est n\u00e9e d&#8217;un constat simple : c&#8217;est un vrai casse-t\u00eate pour trouver des collants pour les peaux noires et m\u00e9tisses. Tr\u00e8s peu de marques proposent une gamme de teints adapt\u00e9s aux peaux de couleur.<\/span><\/p>\n\n\t\t<\/div>\n\t<\/div>\n\n\t<div class=\"wpb_text_column wpb_content_element  responsive_js_composer_custom_css_1133457437\" >\n\t\t<div class=\"wpb_wrapper\">\n\t\t\t<p><span style=\"color: #000000;\">Ce constat, nous en faisons l&#8217;exp\u00e9rience certains matins un peu frais, lorsqu\u2019on a envie de mettre des collants pour la journ\u00e9e, mais pas envie de mettre les \u00e9ternels collants noirs habituels.<\/span><\/p>\n<p><span style=\"color: #000000;\">Nous avons beau chercher, pas moyen de trouver des produits correspondant \u00e0 nos couleurs naturelles.<\/span><\/p>\n<p><span style=\"color: #000000;\">Seuls quelques mod\u00e8les de marques se rapprochent un peu de ce que nous recherchons mais il est difficile de trouver tout une gamme de produit coh\u00e9rente et vraiment destin\u00e9e aux peaux m\u00e2tes, m\u00e9tiss\u00e9es et noires.<\/span><\/p>\n\n\t\t<\/div>\n\t<\/div>\n\n\t<div class=\"wpb_text_column wpb_content_element  responsive_js_composer_custom_css_1485509530\" >\n\t\t<div class=\"wpb_wrapper\">\n\t\t\t<p><span style=\"color: #000000;\">Quelques temps plus tard, et avec la contribution de quelques amis, Soyons Black!\u2122 est lanc\u00e9e en 2011 par Sophie Londini\u00e8re, avec une gamme de produits correspondant \u00e0 diff\u00e9rentes teintes de peau, des peaux m\u00e9tisses plus claires aux peaux noires plus fonc\u00e9es, destin\u00e9e tout particuli\u00e8rement \u00e0 celles qui souhaitent porter des collants sans d\u00e9naturer leur couleur de peau.<\/span><span style=\"font-weight: 400; color: #000000;\">\u00a0<\/span><\/p>\n\n\t\t<\/div>\n\t<\/div>\n\n\t<div class=\"wpb_text_column wpb_content_element  responsive_js_composer_custom_css_1485877390\" >\n\t\t<div class=\"wpb_wrapper\">\n\t\t\t<p><span style=\"color: #000000;\">Accompagn\u00e9e par Fanta Sy depuis 2019, notre \u00e9quipe Soyons Black souhaite vous simplifier la vie quand il s\u2019agit d\u2019\u00eatre f\u00e9minine et authentique<span style=\"font-weight: 400;\">, <\/span>en portant les collants que m\u00e9rite votre peau, et parce qu\u2019aussi disons-le : on m\u00e9rite ce qui nous ressemble.<\/span><\/p>\n\n\t\t<\/div>\n\t<\/div>\n\n\t<div class=\"wpb_text_column wpb_content_element  responsive_js_composer_custom_css_1920058995\" >\n\t\t<div class=\"wpb_wrapper\">\n\t\t\t<p><span style=\"color: #000000;\"><b>Sophie Londini\u00e8re &amp; Fanta Sy<\/b><\/span><\/p>\n<p><span style=\"color: #000000;\"><b>SoyonsBlack!<\/b><span style=\"font-weight: 400;\">\u2122<\/span><\/span><\/p>\n\n\t\t<\/div>\n\t<\/div>\n<\/div><\/div><\/div><\/div>","protected":false},"excerpt":{"rendered":"Soyons Black est n\u00e9e d'un constat simple : c'est un vrai casse-t\u00eate pour trouver des collants pour les peaux noires et m\u00e9tisses. Tr\u00e8s peu de marques proposent une gamme de teints adapt\u00e9s aux peaux de couleur. Ce constat, nous en faisons l'exp\u00e9rience certains matins un peu frais, lorsqu\u2019on a envie de mettre des collants pour [...]","protected":false},"author":1,"featured_media":0,"parent":0,"menu_order":0,"comment_status":"closed","ping_status":"closed","template":"","meta":{"_vp_format_video_url":"","_vp_image_focal_point":[],"footnotes":""},"class_list":["post-13379","page","type-page","status-publish","hentry"],"jetpack_sharing_enabled":true,"_links":{"self":[{"href":"https:\/\/www.soyonsblack.fr\/en\/wp-json\/wp\/v2\/pages\/13379","targetHints":{"allow":["GET"]}}],"collection":[{"href":"https:\/\/www.soyonsblack.fr\/en\/wp-json\/wp\/v2\/pages"}],"about":[{"href":"https:\/\/www.soyonsblack.fr\/en\/wp-json\/wp\/v2\/types\/page"}],"author":[{"embeddable":true,"href":"https:\/\/www.soyonsblack.fr\/en\/wp-json\/wp\/v2\/users\/1"}],"replies":[{"embeddable":true,"href":"https:\/\/www.soyonsblack.fr\/en\/wp-json\/wp\/v2\/comments?post=13379"}],"version-history":[{"count":5,"href":"https:\/\/www.soyonsblack.fr\/en\/wp-json\/wp\/v2\/pages\/13379\/revisions"}],"predecessor-version":[{"id":22198,"href":"https:\/\/www.soyonsblack.fr\/en\/wp-json\/wp\/v2\/pages\/13379\/revisions\/22198"}],"wp:attachment":[{"href":"https:\/\/www.soyonsblack.fr\/en\/wp-json\/wp\/v2\/media?parent=13379"}],"curies":[{"name":"wp","href":"https:\/\/api.w.org\/{rel}","templated":true}]}}